{"id":596,"date":"2025-11-19T11:52:53","date_gmt":"2025-11-19T10:52:53","guid":{"rendered":"https:\/\/xn--gudsportklubb-kmb.se\/?page_id=596"},"modified":"2026-03-09T09:29:55","modified_gmt":"2026-03-09T08:29:55","slug":"skimo-sm-vemdalen-2026-2","status":"publish","type":"page","link":"https:\/\/xn--gudsportklubb-kmb.se\/index.php\/tavlingar\/skimo-sm-vemdalen-2026-2\/","title":{"rendered":"Skimo-SM Vemdalen 2026"},"content":{"rendered":"\n<figure class=\"wp-block-image size-medium\"><img loading=\"lazy\" decoding=\"async\" width=\"252\" height=\"300\" src=\"https:\/\/xn--gudsportklubb-kmb.se\/wp-content\/uploads\/2025\/11\/skimo-sm-vemdalen-2026-252x300.png\" alt=\"Skimo-SM Vemdalen 2026\" class=\"wp-image-595\" srcset=\"https:\/\/xn--gudsportklubb-kmb.se\/wp-content\/uploads\/2025\/11\/skimo-sm-vemdalen-2026-252x300.png 252w, https:\/\/xn--gudsportklubb-kmb.se\/wp-content\/uploads\/2025\/11\/skimo-sm-vemdalen-2026-861x1024.png 861w, https:\/\/xn--gudsportklubb-kmb.se\/wp-content\/uploads\/2025\/11\/skimo-sm-vemdalen-2026-768x913.png 768w, https:\/\/xn--gudsportklubb-kmb.se\/wp-content\/uploads\/2025\/11\/skimo-sm-vemdalen-2026.png 931w\" sizes=\"(max-width: 252px) 100vw, 252px\" \/><\/figure>\n\n\n\n<p>Gud\u00f6 SK arrangerar skimot\u00e4vlingar i Vemdalen \u00e4ven denna s\u00e4song.<\/p>\n\n\n\n<ul class=\"wp-block-list\">\n<li>L\u00f6rdag 14 mars 2026: Individuellt SM<\/li>\n\n\n\n<li>S\u00f6ndag 15 mars 2026: VK Vemdalen (vertikal-kilometer-t\u00e4vling)<\/li>\n<\/ul>\n\n\n\n<p><a href=\"https:\/\/climbalong.com\/competitions\/439\">Anm\u00e4lan, resultat och detaljerat schema finns h\u00e4r<\/a>.<\/p>\n\n\n\n<p>T\u00e4vlingen p\u00e5 l\u00f6rdagen \u00e4r en del av svenska m\u00e4sterskapen i skidalpinism. Andra SM-t\u00e4vlingar g\u00e5r ocks\u00e5 i \u00c5re och Ume\u00e5 (se <a href=\"https:\/\/www.klatterforbundet.se\/skimo\/tavling\/\">t\u00e4vlingskalender hos kl\u00e4tterf\u00f6rbundet<\/a>).<\/p>\n\n\n\n<p><\/p>\n","protected":false},"excerpt":{"rendered":"<p>Gud\u00f6 SK arrangerar skimot\u00e4vlingar i Vemdalen \u00e4ven denna s\u00e4song. Anm\u00e4lan, resultat och detaljerat schema finns h\u00e4r. T\u00e4vlingen p\u00e5 l\u00f6rdagen \u00e4r en del av svenska m\u00e4sterskapen i skidalpinism. Andra SM-t\u00e4vlingar g\u00e5r ocks\u00e5 i \u00c5re och Ume\u00e5 (se t\u00e4vlingskalender hos kl\u00e4tterf\u00f6rbundet).<\/p>\n","protected":false},"author":1,"featured_media":0,"parent":325,"menu_order":0,"comment_status":"closed","ping_status":"closed","template":"","meta":{"footnotes":""},"class_list":["post-596","page","type-page","status-publish","hentry"],"_links":{"self":[{"href":"https:\/\/xn--gudsportklubb-kmb.se\/index.php\/wp-json\/wp\/v2\/pages\/596"}],"collection":[{"href":"https:\/\/xn--gudsportklubb-kmb.se\/index.php\/wp-json\/wp\/v2\/pages"}],"about":[{"href":"https:\/\/xn--gudsportklubb-kmb.se\/index.php\/wp-json\/wp\/v2\/types\/page"}],"author":[{"embeddable":true,"href":"https:\/\/xn--gudsportklubb-kmb.se\/index.php\/wp-json\/wp\/v2\/users\/1"}],"replies":[{"embeddable":true,"href":"https:\/\/xn--gudsportklubb-kmb.se\/index.php\/wp-json\/wp\/v2\/comments?post=596"}],"version-history":[{"count":8,"href":"https:\/\/xn--gudsportklubb-kmb.se\/index.php\/wp-json\/wp\/v2\/pages\/596\/revisions"}],"predecessor-version":[{"id":643,"href":"https:\/\/xn--gudsportklubb-kmb.se\/index.php\/wp-json\/wp\/v2\/pages\/596\/revisions\/643"}],"up":[{"embeddable":true,"href":"https:\/\/xn--gudsportklubb-kmb.se\/index.php\/wp-json\/wp\/v2\/pages\/325"}],"wp:attachment":[{"href":"https:\/\/xn--gudsportklubb-kmb.se\/index.php\/wp-json\/wp\/v2\/media?parent=596"}],"curies":[{"name":"wp","href":"https:\/\/api.w.org\/{rel}","templated":true}]}}