{"id":325,"date":"2021-09-10T18:35:29","date_gmt":"2021-09-10T16:35:29","guid":{"rendered":"https:\/\/xn--gudsportklubb-kmb.se\/?page_id=325"},"modified":"2025-05-20T10:42:17","modified_gmt":"2025-05-20T08:42:17","slug":"tavlingar","status":"publish","type":"page","link":"https:\/\/xn--gudsportklubb-kmb.se\/index.php\/tavlingar\/","title":{"rendered":"T\u00e4vlingar"},"content":{"rendered":"\n<figure class=\"wp-block-image size-large\"><img loading=\"lazy\" decoding=\"async\" width=\"1024\" height=\"729\" src=\"https:\/\/xn--gudsportklubb-kmb.se\/wp-content\/uploads\/2025\/05\/gudo-run-of-hope-1024x729.jpg\" alt=\"Gud\u00f6 Run of Hope\" class=\"wp-image-588\" srcset=\"https:\/\/xn--gudsportklubb-kmb.se\/wp-content\/uploads\/2025\/05\/gudo-run-of-hope-1024x729.jpg 1024w, https:\/\/xn--gudsportklubb-kmb.se\/wp-content\/uploads\/2025\/05\/gudo-run-of-hope-300x213.jpg 300w, https:\/\/xn--gudsportklubb-kmb.se\/wp-content\/uploads\/2025\/05\/gudo-run-of-hope-768x547.jpg 768w, https:\/\/xn--gudsportklubb-kmb.se\/wp-content\/uploads\/2025\/05\/gudo-run-of-hope.jpg 1113w\" sizes=\"(max-width: 1024px) 100vw, 1024px\" \/><\/figure>\n\n\n\n<p><strong><em>Vi \u00e4r ett t\u00e4vlingsglatt g\u00e4ng och klubben arrangerar t\u00e4vlingar p\u00e5 olika niv\u00e5 men alltid med samma ledord: H<\/em><\/strong><strong><em>j\u00e4lpsamhet, \u00e4ventyr, utmaningar och upplevelser<\/em><\/strong>.<\/p>\n\n\n\n<p>Gud\u00f6 SK arrangerar varje \u00e5r <a href=\"https:\/\/www.barncancerfonden.se\/event\/run-of-hope\/delta-i-ett-lopp\/gudo-run-of-hope\/\" data-type=\"URL\" data-id=\"https:\/\/www.barncancerfonden.se\/event\/run-of-hope\/delta-i-ett-lopp\/gudo-run-of-hope\/\">Gud\u00f6 Run of Hope<\/a> i samarbete med Barncancerfonden. Klubben l\u00e4gger stor vikt vid att alla medlemmar ska kunna vara delaktiga i arrangemanget b\u00e5de som arrang\u00f6r, funktion\u00e4r samt deltagare.<\/p>\n\n\n\n<p>Gud\u00f6 Run of Hope \u00e4r \u00e5rets st\u00f6rsta t\u00e4vlingsh\u00e4ndelse. D\u00e4rut\u00f6ver arrangerar vi MiniBarkley (24 h h\u00e4rligheter) p\u00e5 v\u00e5ren samt tittar p\u00e5 att arrangera ett KM fram\u00f6ver. D\u00e4rut\u00f6ver deltar vi \u00e4ven i andra klubbars t\u00e4vlingar och arrangemang. N\u00e5gra av favoriterna \u00e4r UTMB, Kullamannen samt svensk fj\u00e4llmaror. Genom att vara anslutna till kl\u00e4tterf\u00f6rbundet kan vi \u00e4ven delta i skimo-t\u00e4vlingar under vintern.<\/p>\n\n\n\n<p>F\u00f6r att se resultat fr\u00e5n klubbens tidigare arrangerade t\u00e4vlingar, v\u00e4lj aktuell t\u00e4vling fr\u00e5n rullgardinsmenyn.<\/p>\n","protected":false},"excerpt":{"rendered":"<p>Vi \u00e4r ett t\u00e4vlingsglatt g\u00e4ng och klubben arrangerar t\u00e4vlingar p\u00e5 olika niv\u00e5 men alltid med samma ledord: Hj\u00e4lpsamhet, \u00e4ventyr, utmaningar och upplevelser. Gud\u00f6 SK arrangerar varje \u00e5r Gud\u00f6 Run of Hope i samarbete med Barncancerfonden. Klubben l\u00e4gger stor vikt vid att alla medlemmar ska kunna vara delaktiga i arrangemanget b\u00e5de som arrang\u00f6r, funktion\u00e4r samt deltagare. &hellip;<\/p>\n<p class=\"read-more\"> <a class=\"\" href=\"https:\/\/xn--gudsportklubb-kmb.se\/index.php\/tavlingar\/\"> <span class=\"screen-reader-text\">T\u00e4vlingar<\/span> Read More &raquo;<\/a><\/p>\n","protected":false},"author":1,"featured_media":0,"parent":0,"menu_order":1,"comment_status":"closed","ping_status":"closed","template":"","meta":{"footnotes":""},"class_list":["post-325","page","type-page","status-publish","hentry"],"_links":{"self":[{"href":"https:\/\/xn--gudsportklubb-kmb.se\/index.php\/wp-json\/wp\/v2\/pages\/325"}],"collection":[{"href":"https:\/\/xn--gudsportklubb-kmb.se\/index.php\/wp-json\/wp\/v2\/pages"}],"about":[{"href":"https:\/\/xn--gudsportklubb-kmb.se\/index.php\/wp-json\/wp\/v2\/types\/page"}],"author":[{"embeddable":true,"href":"https:\/\/xn--gudsportklubb-kmb.se\/index.php\/wp-json\/wp\/v2\/users\/1"}],"replies":[{"embeddable":true,"href":"https:\/\/xn--gudsportklubb-kmb.se\/index.php\/wp-json\/wp\/v2\/comments?post=325"}],"version-history":[{"count":6,"href":"https:\/\/xn--gudsportklubb-kmb.se\/index.php\/wp-json\/wp\/v2\/pages\/325\/revisions"}],"predecessor-version":[{"id":590,"href":"https:\/\/xn--gudsportklubb-kmb.se\/index.php\/wp-json\/wp\/v2\/pages\/325\/revisions\/590"}],"wp:attachment":[{"href":"https:\/\/xn--gudsportklubb-kmb.se\/index.php\/wp-json\/wp\/v2\/media?parent=325"}],"curies":[{"name":"wp","href":"https:\/\/api.w.org\/{rel}","templated":true}]}}