{"id":317,"date":"2021-09-10T18:27:56","date_gmt":"2021-09-10T16:27:56","guid":{"rendered":"https:\/\/xn--gudsportklubb-kmb.se\/?page_id=317"},"modified":"2025-11-19T16:49:49","modified_gmt":"2025-11-19T15:49:49","slug":"gudo-run-of-hope-2","status":"publish","type":"page","link":"https:\/\/xn--gudsportklubb-kmb.se\/index.php\/tavlingar\/gudo-run-of-hope-2\/","title":{"rendered":"Gud\u00f6 Run of Hope"},"content":{"rendered":"\n<p>Under de senaste \u00e5ren har vi tillsammans samlat in totalt <strong>1 572 929 kr till Barncancerfondens<\/strong> arbete!<\/p>\n\n\n\n<p>Gud\u00f6 Run of Hope arrangeras under september m\u00e5nad. Anm\u00e4lan g\u00f6rs via Barncancerfondens sida.<\/p>\n\n\n\n<figure class=\"wp-block-table is-style-stripes\"><table class=\"has-background\" style=\"background-color:#8fc657\"><thead><tr><th><strong>\u00c5r<\/strong><\/th><th><strong>Bidrag till Barncancerfondens arbete och forskning<\/strong><\/th><\/tr><\/thead><tbody><tr><td>2025<\/td><td>273 508 kr<\/td><\/tr><tr><td>2024<\/td><td>222 798 kr<\/td><\/tr><tr><td>2023<\/td><td>222 737 kr<\/td><\/tr><tr><td>2022<\/td><td>189 733 kr<\/td><\/tr><tr><td>2021<\/td><td>139 279 kr<\/td><\/tr><tr><td>2020<\/td><td>81 539 kr<\/td><\/tr><tr><td>2019<\/td><td>184 493 kr<\/td><\/tr><tr><td>2018<\/td><td>130 092 kr<\/td><\/tr><tr><td>2017<\/td><td>128 750 kr<\/td><\/tr><\/tbody><tfoot><tr><td><strong><em>Total<\/em><\/strong><\/td><td><em>1 572 929 kr<\/em><\/td><\/tr><\/tfoot><\/table><figcaption class=\"wp-element-caption\">Gud\u00f6 Run of Hope arrangeras tillsammans med <a href=\"https:\/\/www.barncancerfonden.se\/\">Barncancerfonden<\/a> och alla int\u00e4kter g\u00e5r oavkortat till deras arbete f\u00f6r att bek\u00e4mpa barncancer.<\/figcaption><\/figure>\n\n\n\n<figure class=\"wp-block-image size-full is-resized\"><img loading=\"lazy\" decoding=\"async\" width=\"250\" height=\"247\" src=\"https:\/\/xn--gudsportklubb-kmb.se\/wp-content\/uploads\/2020\/04\/barncancerfonden-run-of-hope.jpg\" alt=\"\" class=\"wp-image-199\" style=\"width:250px;height:247px\"\/><\/figure>\n","protected":false},"excerpt":{"rendered":"<p>Under de senaste \u00e5ren har vi tillsammans samlat in totalt 1 572 929 kr till Barncancerfondens arbete! Gud\u00f6 Run of Hope arrangeras under september m\u00e5nad. Anm\u00e4lan g\u00f6rs via Barncancerfondens sida. \u00c5r Bidrag till Barncancerfondens arbete och forskning 2025 273 508 kr 2024 222 798 kr 2023 222 737 kr 2022 189 733 kr 2021 139 &hellip;<\/p>\n<p class=\"read-more\"> <a class=\"\" href=\"https:\/\/xn--gudsportklubb-kmb.se\/index.php\/tavlingar\/gudo-run-of-hope-2\/\"> <span class=\"screen-reader-text\">Gud\u00f6 Run of Hope<\/span> Read More &raquo;<\/a><\/p>\n","protected":false},"author":1,"featured_media":622,"parent":325,"menu_order":31,"comment_status":"closed","ping_status":"closed","template":"","meta":{"footnotes":""},"class_list":["post-317","page","type-page","status-publish","has-post-thumbnail","hentry"],"_links":{"self":[{"href":"https:\/\/xn--gudsportklubb-kmb.se\/index.php\/wp-json\/wp\/v2\/pages\/317"}],"collection":[{"href":"https:\/\/xn--gudsportklubb-kmb.se\/index.php\/wp-json\/wp\/v2\/pages"}],"about":[{"href":"https:\/\/xn--gudsportklubb-kmb.se\/index.php\/wp-json\/wp\/v2\/types\/page"}],"author":[{"embeddable":true,"href":"https:\/\/xn--gudsportklubb-kmb.se\/index.php\/wp-json\/wp\/v2\/users\/1"}],"replies":[{"embeddable":true,"href":"https:\/\/xn--gudsportklubb-kmb.se\/index.php\/wp-json\/wp\/v2\/comments?post=317"}],"version-history":[{"count":38,"href":"https:\/\/xn--gudsportklubb-kmb.se\/index.php\/wp-json\/wp\/v2\/pages\/317\/revisions"}],"predecessor-version":[{"id":628,"href":"https:\/\/xn--gudsportklubb-kmb.se\/index.php\/wp-json\/wp\/v2\/pages\/317\/revisions\/628"}],"up":[{"embeddable":true,"href":"https:\/\/xn--gudsportklubb-kmb.se\/index.php\/wp-json\/wp\/v2\/pages\/325"}],"wp:featuredmedia":[{"embeddable":true,"href":"https:\/\/xn--gudsportklubb-kmb.se\/index.php\/wp-json\/wp\/v2\/media\/622"}],"wp:attachment":[{"href":"https:\/\/xn--gudsportklubb-kmb.se\/index.php\/wp-json\/wp\/v2\/media?parent=317"}],"curies":[{"name":"wp","href":"https:\/\/api.w.org\/{rel}","templated":true}]}}